{"id":558,"date":"2023-03-01T21:39:09","date_gmt":"2023-03-01T18:39:09","guid":{"rendered":"http:\/\/apart48.com\/?page_id=558"},"modified":"2023-03-01T22:08:00","modified_gmt":"2023-03-01T19:08:00","slug":"deniz-bahce","status":"publish","type":"page","link":"https:\/\/apart48.com\/?page_id=558","title":{"rendered":"Deniz Bah\u00e7e"},"content":{"rendered":"<div class=\"row\"  id=\"row-1350572840\">\n<div class=\"col small-12 large-12\"  ><div class=\"col-inner\"  >\n<div class=\"slider-wrapper relative \" id=\"slider-2098952299\" >\r\n    <div class=\"slider slider-nav-circle slider-nav-large slider-nav-light slider-style-container\"\r\n        data-flickity-options='{\r\n            \"cellAlign\": \"center\",\r\n            \"imagesLoaded\": true,\r\n            \"lazyLoad\": 1,\r\n            \"freeScroll\": false,\r\n            \"wrapAround\": true,\r\n            \"autoPlay\": 6000,\r\n            \"pauseAutoPlayOnHover\" : true,\r\n            \"prevNextButtons\": true,\r\n            \"contain\" : true,\r\n            \"adaptiveHeight\" : true,\r\n            \"dragThreshold\" : 5,\r\n            \"percentPosition\": true,\r\n            \"pageDots\": true,\r\n            \"rightToLeft\": false,\r\n            \"draggable\": true,\r\n            \"selectedAttraction\": 0.1,\r\n            \"parallax\" : 0,\r\n            \"friction\": 0.6        }'\r\n        >\r\n        \n\r\n  <div class=\"banner has-hover\" id=\"banner-2090942338\">\r\n          <div class=\"banner-inner fill\">\r\n        <div class=\"banner-bg fill\" >\r\n            <div class=\"bg fill bg-fill \"><\/div>\r\n                                    \r\n                    <\/div><!-- bg-layers -->\r\n        <div class=\"banner-layers container\">\r\n            <div class=\"fill banner-link\"><\/div>            \n        <\/div><!-- .banner-layers -->\r\n      <\/div><!-- .banner-inner -->\r\n\r\n            \n<style scope=\"scope\">\n\n#banner-2090942338 {\n  padding-top: 420px;\n}\n#banner-2090942338 .bg.bg-loaded {\n  background-image: url(https:\/\/apart48.com\/wp-content\/uploads\/2023\/03\/deniz-bahce-1.jpeg);\n}\n#banner-2090942338 .bg {\n  background-position: 0% 90%;\n}\n<\/style>\n  <\/div><!-- .banner -->\r\n\r\n\n\r\n  <div class=\"banner has-hover\" id=\"banner-331876139\">\r\n          <div class=\"banner-inner fill\">\r\n        <div class=\"banner-bg fill\" >\r\n            <div class=\"bg fill bg-fill \"><\/div>\r\n                                    \r\n                    <\/div><!-- bg-layers -->\r\n        <div class=\"banner-layers container\">\r\n            <div class=\"fill banner-link\"><\/div>            \n        <\/div><!-- .banner-layers -->\r\n      <\/div><!-- .banner-inner -->\r\n\r\n            \n<style scope=\"scope\">\n\n#banner-331876139 {\n  padding-top: 420px;\n}\n#banner-331876139 .bg.bg-loaded {\n  background-image: url(https:\/\/apart48.com\/wp-content\/uploads\/2023\/03\/deniz-bahce-2.jpeg);\n}\n<\/style>\n  <\/div><!-- .banner -->\r\n\r\n\n\r\n  <div class=\"banner has-hover\" id=\"banner-670324996\">\r\n          <div class=\"banner-inner fill\">\r\n        <div class=\"banner-bg fill\" >\r\n            <div class=\"bg fill bg-fill \"><\/div>\r\n                                    \r\n                    <\/div><!-- bg-layers -->\r\n        <div class=\"banner-layers container\">\r\n            <div class=\"fill banner-link\"><\/div>            \n        <\/div><!-- .banner-layers -->\r\n      <\/div><!-- .banner-inner -->\r\n\r\n            \n<style scope=\"scope\">\n\n#banner-670324996 {\n  padding-top: 420px;\n}\n#banner-670324996 .bg.bg-loaded {\n  background-image: url(https:\/\/apart48.com\/wp-content\/uploads\/2023\/03\/deniz-bahce-3.jpeg);\n}\n<\/style>\n  <\/div><!-- .banner -->\r\n\r\n\n\r\n  <div class=\"banner has-hover\" id=\"banner-220642411\">\r\n          <div class=\"banner-inner fill\">\r\n        <div class=\"banner-bg fill\" >\r\n            <div class=\"bg fill bg-fill \"><\/div>\r\n                                    \r\n                    <\/div><!-- bg-layers -->\r\n        <div class=\"banner-layers container\">\r\n            <div class=\"fill banner-link\"><\/div>            \n        <\/div><!-- .banner-layers -->\r\n      <\/div><!-- .banner-inner -->\r\n\r\n            \n<style scope=\"scope\">\n\n#banner-220642411 {\n  padding-top: 420px;\n}\n#banner-220642411 .bg.bg-loaded {\n  background-image: url(https:\/\/apart48.com\/wp-content\/uploads\/2023\/03\/deniz-bahce-4.jpeg);\n}\n<\/style>\n  <\/div><!-- .banner -->\r\n\r\n\n\r\n  <div class=\"banner has-hover\" id=\"banner-839033853\">\r\n          <div class=\"banner-inner fill\">\r\n        <div class=\"banner-bg fill\" >\r\n            <div class=\"bg fill bg-fill \"><\/div>\r\n                                    \r\n                    <\/div><!-- bg-layers -->\r\n        <div class=\"banner-layers container\">\r\n            <div class=\"fill banner-link\"><\/div>            \n        <\/div><!-- .banner-layers -->\r\n      <\/div><!-- .banner-inner -->\r\n\r\n            \n<style scope=\"scope\">\n\n#banner-839033853 {\n  padding-top: 420px;\n}\n#banner-839033853 .bg.bg-loaded {\n  background-image: url(https:\/\/apart48.com\/wp-content\/uploads\/2023\/03\/deniz-bahce-5.jpeg);\n}\n<\/style>\n  <\/div><!-- .banner -->\r\n\r\n\n     <\/div>\r\n\r\n     <div class=\"loading-spin dark large centered\"><\/div>\r\n\r\n     <style scope=\"scope\">\r\n             <\/style>\r\n<\/div><!-- .ux-slider-wrapper -->\r\n\r\n\n<\/div><\/div>\n<\/div>\n<div class=\"row row-dashed\"  id=\"row-761779337\">\n<div class=\"col small-12 large-12\"  ><div class=\"col-inner\"  >\n<div class=\"container section-title-container\" ><h3 class=\"section-title section-title-bold\"><b><\/b><span class=\"section-title-main\" style=\"font-size:150%;\">DEN\u0130Z BAH\u00c7E<\/span><b><\/b><\/h3><\/div><!-- .section-title -->\n<p>Akyaka da Apart 48, farkl\u0131 daireleri ile sizin i\u00e7in en uygun konaklamay\u0131 se\u00e7menizi istemektedir. Di\u011fer daire tiplerimize bakarak karar vermenizi isteriz.<\/p>\n<\/div><\/div>\n\n<style scope=\"scope\">\n\n<\/style>\n<\/div>\n\r\n  \r\n    <div class=\"row large-columns-3 medium-columns- small-columns-2\">\r\n          <div class=\"gallery-col col\" >\r\n          <div class=\"col-inner\">\r\n            <a class=\"image-lightbox lightbox-gallery\" href=\"https:\/\/apart48.com\/wp-content\/uploads\/2023\/03\/deniz-bahce-1.jpeg\" title=\"\">            <div class=\"box has-hover gallery-box box-overlay dark\">\r\n              <div class=\"box-image image-cover\" style=\"padding-top:75%;\">\r\n                <img loading=\"lazy\" decoding=\"async\" width=\"711\" height=\"400\" src=\"https:\/\/apart48.com\/wp-content\/uploads\/2023\/03\/deniz-bahce-1-711x400.jpeg\" class=\"attachment-medium size-medium\" alt=\"\" ids=\"581,582,583,584,585\" columns=\"3\" image_height=\"75%\" srcset=\"https:\/\/apart48.com\/wp-content\/uploads\/2023\/03\/deniz-bahce-1-711x400.jpeg 711w, https:\/\/apart48.com\/wp-content\/uploads\/2023\/03\/deniz-bahce-1-768x432.jpeg 768w, https:\/\/apart48.com\/wp-content\/uploads\/2023\/03\/deniz-bahce-1.jpeg 1280w\" sizes=\"auto, (max-width: 711px) 100vw, 711px\" \/>                                  <div class=\"overlay fill\"\r\n                      style=\"background-color: rgba(0,0,0,.15)\">\r\n                  <\/div>\r\n                                                              <\/div><!-- .image -->\r\n              <div class=\"box-text text-left\">\r\n                 <p><\/p>\r\n              <\/div><!-- .text -->\r\n            <\/div><!-- .box -->\r\n            <\/a>          <\/div><!-- .col-inner -->\r\n         <\/div><!-- .col -->\r\n                 <div class=\"gallery-col col\" >\r\n          <div class=\"col-inner\">\r\n            <a class=\"image-lightbox lightbox-gallery\" href=\"https:\/\/apart48.com\/wp-content\/uploads\/2023\/03\/deniz-bahce-2.jpeg\" title=\"\">            <div class=\"box has-hover gallery-box box-overlay dark\">\r\n              <div class=\"box-image image-cover\" style=\"padding-top:75%;\">\r\n                <img loading=\"lazy\" decoding=\"async\" width=\"711\" height=\"400\" src=\"https:\/\/apart48.com\/wp-content\/uploads\/2023\/03\/deniz-bahce-2-711x400.jpeg\" class=\"attachment-medium size-medium\" alt=\"\" ids=\"581,582,583,584,585\" columns=\"3\" image_height=\"75%\" srcset=\"https:\/\/apart48.com\/wp-content\/uploads\/2023\/03\/deniz-bahce-2-711x400.jpeg 711w, https:\/\/apart48.com\/wp-content\/uploads\/2023\/03\/deniz-bahce-2-768x432.jpeg 768w, https:\/\/apart48.com\/wp-content\/uploads\/2023\/03\/deniz-bahce-2.jpeg 1280w\" sizes=\"auto, (max-width: 711px) 100vw, 711px\" \/>                                  <div class=\"overlay fill\"\r\n                      style=\"background-color: rgba(0,0,0,.15)\">\r\n                  <\/div>\r\n                                                              <\/div><!-- .image -->\r\n              <div class=\"box-text text-left\">\r\n                 <p><\/p>\r\n              <\/div><!-- .text -->\r\n            <\/div><!-- .box -->\r\n            <\/a>          <\/div><!-- .col-inner -->\r\n         <\/div><!-- .col -->\r\n                 <div class=\"gallery-col col\" >\r\n          <div class=\"col-inner\">\r\n            <a class=\"image-lightbox lightbox-gallery\" href=\"https:\/\/apart48.com\/wp-content\/uploads\/2023\/03\/deniz-bahce-3.jpeg\" title=\"\">            <div class=\"box has-hover gallery-box box-overlay dark\">\r\n              <div class=\"box-image image-cover\" style=\"padding-top:75%;\">\r\n                <img loading=\"lazy\" decoding=\"async\" width=\"533\" height=\"400\" src=\"https:\/\/apart48.com\/wp-content\/uploads\/2023\/03\/deniz-bahce-3-533x400.jpeg\" class=\"attachment-medium size-medium\" alt=\"\" ids=\"581,582,583,584,585\" columns=\"3\" image_height=\"75%\" srcset=\"https:\/\/apart48.com\/wp-content\/uploads\/2023\/03\/deniz-bahce-3-533x400.jpeg 533w, https:\/\/apart48.com\/wp-content\/uploads\/2023\/03\/deniz-bahce-3-768x576.jpeg 768w, https:\/\/apart48.com\/wp-content\/uploads\/2023\/03\/deniz-bahce-3.jpeg 1024w\" sizes=\"auto, (max-width: 533px) 100vw, 533px\" \/>                                  <div class=\"overlay fill\"\r\n                      style=\"background-color: rgba(0,0,0,.15)\">\r\n                  <\/div>\r\n                                                              <\/div><!-- .image -->\r\n              <div class=\"box-text text-left\">\r\n                 <p><\/p>\r\n              <\/div><!-- .text -->\r\n            <\/div><!-- .box -->\r\n            <\/a>          <\/div><!-- .col-inner -->\r\n         <\/div><!-- .col -->\r\n                 <div class=\"gallery-col col\" >\r\n          <div class=\"col-inner\">\r\n            <a class=\"image-lightbox lightbox-gallery\" href=\"https:\/\/apart48.com\/wp-content\/uploads\/2023\/03\/deniz-bahce-4.jpeg\" title=\"\">            <div class=\"box has-hover gallery-box box-overlay dark\">\r\n              <div class=\"box-image image-cover\" style=\"padding-top:75%;\">\r\n                <img loading=\"lazy\" decoding=\"async\" width=\"533\" height=\"400\" src=\"https:\/\/apart48.com\/wp-content\/uploads\/2023\/03\/deniz-bahce-4-533x400.jpeg\" class=\"attachment-medium size-medium\" alt=\"\" ids=\"581,582,583,584,585\" columns=\"3\" image_height=\"75%\" srcset=\"https:\/\/apart48.com\/wp-content\/uploads\/2023\/03\/deniz-bahce-4-533x400.jpeg 533w, https:\/\/apart48.com\/wp-content\/uploads\/2023\/03\/deniz-bahce-4-768x576.jpeg 768w, https:\/\/apart48.com\/wp-content\/uploads\/2023\/03\/deniz-bahce-4.jpeg 1024w\" sizes=\"auto, (max-width: 533px) 100vw, 533px\" \/>                                  <div class=\"overlay fill\"\r\n                      style=\"background-color: rgba(0,0,0,.15)\">\r\n                  <\/div>\r\n                                                              <\/div><!-- .image -->\r\n              <div class=\"box-text text-left\">\r\n                 <p><\/p>\r\n              <\/div><!-- .text -->\r\n            <\/div><!-- .box -->\r\n            <\/a>          <\/div><!-- .col-inner -->\r\n         <\/div><!-- .col -->\r\n                 <div class=\"gallery-col col\" >\r\n          <div class=\"col-inner\">\r\n            <a class=\"image-lightbox lightbox-gallery\" href=\"https:\/\/apart48.com\/wp-content\/uploads\/2023\/03\/deniz-bahce-5.jpeg\" title=\"\">            <div class=\"box has-hover gallery-box box-overlay dark\">\r\n              <div class=\"box-image image-cover\" style=\"padding-top:75%;\">\r\n                <img loading=\"lazy\" decoding=\"async\" width=\"711\" height=\"400\" src=\"https:\/\/apart48.com\/wp-content\/uploads\/2023\/03\/deniz-bahce-5-711x400.jpeg\" class=\"attachment-medium size-medium\" alt=\"\" ids=\"581,582,583,584,585\" columns=\"3\" image_height=\"75%\" srcset=\"https:\/\/apart48.com\/wp-content\/uploads\/2023\/03\/deniz-bahce-5-711x400.jpeg 711w, https:\/\/apart48.com\/wp-content\/uploads\/2023\/03\/deniz-bahce-5-768x432.jpeg 768w, https:\/\/apart48.com\/wp-content\/uploads\/2023\/03\/deniz-bahce-5.jpeg 1280w\" sizes=\"auto, (max-width: 711px) 100vw, 711px\" \/>                                  <div class=\"overlay fill\"\r\n                      style=\"background-color: rgba(0,0,0,.15)\">\r\n                  <\/div>\r\n                                                              <\/div><!-- .image -->\r\n              <div class=\"box-text text-left\">\r\n                 <p><\/p>\r\n              <\/div><!-- .text -->\r\n            <\/div><!-- .box -->\r\n            <\/a>          <\/div><!-- .col-inner -->\r\n         <\/div><!-- .col -->\r\n         <\/div>\n<div class=\"row row-collapse row-full-width align-center\"  id=\"row-17030860\">\n<div class=\"col small-12 large-12\"  ><div class=\"col-inner\" style=\"background-color:rgb(0, 7, 29);\" >\n<div class=\"row row-collapse\"  id=\"row-554323365\">\n<div class=\"col medium-6 large-6\"  ><div class=\"col-inner\" style=\"padding:60px 0px 0px 0px;\" >\n<h3 style=\"text-align: center;\">\u0130leti\u015fim<\/h3>\n<div class=\"is-divider divider clearfix\" style=\"max-width:600px;height:1px;background-color:rgb(10, 28, 112);\"><\/div><!-- .divider -->\n<h4 style=\"text-align: left;\">0538 381 30 04<\/h4>\n<h4 style=\"text-align: left;\">0536 285 40 91<\/h4>\n<h4 style=\"text-align: left;\">Akyaka Mahallesi Karya Sokak No: 16<br \/>\nUla &#8211; Mu\u011fla<\/h4>\n<\/div><\/div>\n<div class=\"col medium-6 large-6\"  ><div class=\"col-inner\" style=\"padding:20px 0px 0px 0px;\" >\n<p><iframe src=\"https:\/\/www.google.com\/maps\/embed?pb=!1m14!1m8!1m3!1d12735.556630535355!2d28.3264841!3d37.0601245!3m2!1i1024!2i768!4f13.1!3m3!1m2!1s0x14bf9fdc59de8537%3A0x4b650da5ff3872fc!2sApart%2048!5e0!3m2!1str!2str!4v1677685570412!5m2!1str!2str\" width=\"600\" height=\"450\" style=\"border:0;\" allowfullscreen=\"\" loading=\"lazy\" referrerpolicy=\"no-referrer-when-downgrade\"><\/iframe><\/p>\n<\/div><\/div>\n\n<style scope=\"scope\">\n\n<\/style>\n<\/div>\n<\/div><\/div>\n\n<style scope=\"scope\">\n\n<\/style>\n<\/div>\n","protected":false},"excerpt":{"rendered":"","protected":false},"author":1,"featured_media":16,"parent":0,"menu_order":1,"comment_status":"closed","ping_status":"closed","template":"page-blank.php","meta":{"footnotes":""},"class_list":["post-558","page","type-page","status-publish","has-post-thumbnail","hentry"],"_links":{"self":[{"href":"https:\/\/apart48.com\/index.php?rest_route=\/wp\/v2\/pages\/558","targetHints":{"allow":["GET"]}}],"collection":[{"href":"https:\/\/apart48.com\/index.php?rest_route=\/wp\/v2\/pages"}],"about":[{"href":"https:\/\/apart48.com\/index.php?rest_route=\/wp\/v2\/types\/page"}],"author":[{"embeddable":true,"href":"https:\/\/apart48.com\/index.php?rest_route=\/wp\/v2\/users\/1"}],"replies":[{"embeddable":true,"href":"https:\/\/apart48.com\/index.php?rest_route=%2Fwp%2Fv2%2Fcomments&post=558"}],"version-history":[{"count":8,"href":"https:\/\/apart48.com\/index.php?rest_route=\/wp\/v2\/pages\/558\/revisions"}],"predecessor-version":[{"id":591,"href":"https:\/\/apart48.com\/index.php?rest_route=\/wp\/v2\/pages\/558\/revisions\/591"}],"wp:featuredmedia":[{"embeddable":true,"href":"https:\/\/apart48.com\/index.php?rest_route=\/wp\/v2\/media\/16"}],"wp:attachment":[{"href":"https:\/\/apart48.com\/index.php?rest_route=%2Fwp%2Fv2%2Fmedia&parent=558"}],"curies":[{"name":"wp","href":"https:\/\/api.w.org\/{rel}","templated":true}]}}