{"id":554,"date":"2023-03-01T21:18:35","date_gmt":"2023-03-01T18:18:35","guid":{"rendered":"http:\/\/apart48.com\/?page_id=554"},"modified":"2023-03-01T21:49:40","modified_gmt":"2023-03-01T18:49:40","slug":"deniz-gokova","status":"publish","type":"page","link":"https:\/\/apart48.com\/?page_id=554","title":{"rendered":"Deniz G\u00f6kova"},"content":{"rendered":"<div class=\"row\"  id=\"row-1382327275\">\n<div class=\"col small-12 large-12\"  ><div class=\"col-inner\"  >\n<div class=\"slider-wrapper relative \" id=\"slider-23923357\" >\r\n    <div class=\"slider slider-nav-circle slider-nav-large slider-nav-light slider-style-container\"\r\n        data-flickity-options='{\r\n            \"cellAlign\": \"center\",\r\n            \"imagesLoaded\": true,\r\n            \"lazyLoad\": 1,\r\n            \"freeScroll\": false,\r\n            \"wrapAround\": true,\r\n            \"autoPlay\": 6000,\r\n            \"pauseAutoPlayOnHover\" : true,\r\n            \"prevNextButtons\": true,\r\n            \"contain\" : true,\r\n            \"adaptiveHeight\" : true,\r\n            \"dragThreshold\" : 5,\r\n            \"percentPosition\": true,\r\n            \"pageDots\": true,\r\n            \"rightToLeft\": false,\r\n            \"draggable\": true,\r\n            \"selectedAttraction\": 0.1,\r\n            \"parallax\" : 0,\r\n            \"friction\": 0.6        }'\r\n        >\r\n        \n\r\n  <div class=\"banner has-hover\" id=\"banner-49750712\">\r\n          <div class=\"banner-inner fill\">\r\n        <div class=\"banner-bg fill\" >\r\n            <div class=\"bg fill bg-fill \"><\/div>\r\n                                    \r\n                    <\/div><!-- bg-layers -->\r\n        <div class=\"banner-layers container\">\r\n            <div class=\"fill banner-link\"><\/div>            \n        <\/div><!-- .banner-layers -->\r\n      <\/div><!-- .banner-inner -->\r\n\r\n            \n<style scope=\"scope\">\n\n#banner-49750712 {\n  padding-top: 420px;\n}\n#banner-49750712 .bg.bg-loaded {\n  background-image: url(https:\/\/apart48.com\/wp-content\/uploads\/2023\/03\/deniz-gokova-5.jpeg);\n}\n<\/style>\n  <\/div><!-- .banner -->\r\n\r\n\n\r\n  <div class=\"banner has-hover\" id=\"banner-802152636\">\r\n          <div class=\"banner-inner fill\">\r\n        <div class=\"banner-bg fill\" >\r\n            <div class=\"bg fill bg-fill \"><\/div>\r\n                                    \r\n                    <\/div><!-- bg-layers -->\r\n        <div class=\"banner-layers container\">\r\n            <div class=\"fill banner-link\"><\/div>            \n        <\/div><!-- .banner-layers -->\r\n      <\/div><!-- .banner-inner -->\r\n\r\n            \n<style scope=\"scope\">\n\n#banner-802152636 {\n  padding-top: 420px;\n}\n#banner-802152636 .bg.bg-loaded {\n  background-image: url(https:\/\/apart48.com\/wp-content\/uploads\/2023\/03\/deniz-gokova-9.jpeg);\n}\n<\/style>\n  <\/div><!-- .banner -->\r\n\r\n\n\r\n  <div class=\"banner has-hover\" id=\"banner-196520158\">\r\n          <div class=\"banner-inner fill\">\r\n        <div class=\"banner-bg fill\" >\r\n            <div class=\"bg fill bg-fill \"><\/div>\r\n                                    \r\n                    <\/div><!-- bg-layers -->\r\n        <div class=\"banner-layers container\">\r\n            <div class=\"fill banner-link\"><\/div>            \n        <\/div><!-- .banner-layers -->\r\n      <\/div><!-- .banner-inner -->\r\n\r\n            \n<style scope=\"scope\">\n\n#banner-196520158 {\n  padding-top: 420px;\n}\n#banner-196520158 .bg.bg-loaded {\n  background-image: url(https:\/\/apart48.com\/wp-content\/uploads\/2023\/03\/deniz-gokova-6.jpeg);\n}\n<\/style>\n  <\/div><!-- .banner -->\r\n\r\n\n\r\n  <div class=\"banner has-hover\" id=\"banner-715041868\">\r\n          <div class=\"banner-inner fill\">\r\n        <div class=\"banner-bg fill\" >\r\n            <div class=\"bg fill bg-fill \"><\/div>\r\n                                    \r\n                    <\/div><!-- bg-layers -->\r\n        <div class=\"banner-layers container\">\r\n            <div class=\"fill banner-link\"><\/div>            \n        <\/div><!-- .banner-layers -->\r\n      <\/div><!-- .banner-inner -->\r\n\r\n            \n<style scope=\"scope\">\n\n#banner-715041868 {\n  padding-top: 420px;\n}\n#banner-715041868 .bg.bg-loaded {\n  background-image: url(https:\/\/apart48.com\/wp-content\/uploads\/2023\/03\/deniz-gokova-8.jpeg);\n}\n<\/style>\n  <\/div><!-- .banner -->\r\n\r\n\n\r\n  <div class=\"banner has-hover\" id=\"banner-501404068\">\r\n          <div class=\"banner-inner fill\">\r\n        <div class=\"banner-bg fill\" >\r\n            <div class=\"bg fill bg-fill \"><\/div>\r\n                                    \r\n                    <\/div><!-- bg-layers -->\r\n        <div class=\"banner-layers container\">\r\n            <div class=\"fill banner-link\"><\/div>            \n        <\/div><!-- .banner-layers -->\r\n      <\/div><!-- .banner-inner -->\r\n\r\n            \n<style scope=\"scope\">\n\n#banner-501404068 {\n  padding-top: 420px;\n}\n#banner-501404068 .bg.bg-loaded {\n  background-image: url(https:\/\/apart48.com\/wp-content\/uploads\/2023\/03\/deniz-gokova-7.jpeg);\n}\n<\/style>\n  <\/div><!-- .banner -->\r\n\r\n\n\r\n  <div class=\"banner has-hover\" id=\"banner-1211368184\">\r\n          <div class=\"banner-inner fill\">\r\n        <div class=\"banner-bg fill\" >\r\n            <div class=\"bg fill bg-fill \"><\/div>\r\n                                    \r\n                    <\/div><!-- bg-layers -->\r\n        <div class=\"banner-layers container\">\r\n            <div class=\"fill banner-link\"><\/div>            \n        <\/div><!-- .banner-layers -->\r\n      <\/div><!-- .banner-inner -->\r\n\r\n            \n<style scope=\"scope\">\n\n#banner-1211368184 {\n  padding-top: 420px;\n}\n#banner-1211368184 .bg.bg-loaded {\n  background-image: url(https:\/\/apart48.com\/wp-content\/uploads\/2023\/03\/deniz-gokova-3.jpeg);\n}\n<\/style>\n  <\/div><!-- .banner -->\r\n\r\n\n\r\n  <div class=\"banner has-hover\" id=\"banner-2112582681\">\r\n          <div class=\"banner-inner fill\">\r\n        <div class=\"banner-bg fill\" >\r\n            <div class=\"bg fill bg-fill \"><\/div>\r\n                                    \r\n                    <\/div><!-- bg-layers -->\r\n        <div class=\"banner-layers container\">\r\n            <div class=\"fill banner-link\"><\/div>            \n        <\/div><!-- .banner-layers -->\r\n      <\/div><!-- .banner-inner -->\r\n\r\n            \n<style scope=\"scope\">\n\n#banner-2112582681 {\n  padding-top: 420px;\n}\n#banner-2112582681 .bg.bg-loaded {\n  background-image: url(https:\/\/apart48.com\/wp-content\/uploads\/2023\/03\/deniz-gokova-7.jpeg);\n}\n<\/style>\n  <\/div><!-- .banner -->\r\n\r\n\n\r\n  <div class=\"banner has-hover\" id=\"banner-445592421\">\r\n          <div class=\"banner-inner fill\">\r\n        <div class=\"banner-bg fill\" >\r\n            <div class=\"bg fill bg-fill \"><\/div>\r\n                                    \r\n                    <\/div><!-- bg-layers -->\r\n        <div class=\"banner-layers container\">\r\n            <div class=\"fill banner-link\"><\/div>            \n        <\/div><!-- .banner-layers -->\r\n      <\/div><!-- .banner-inner -->\r\n\r\n            \n<style scope=\"scope\">\n\n#banner-445592421 {\n  padding-top: 420px;\n}\n#banner-445592421 .bg.bg-loaded {\n  background-image: url(https:\/\/apart48.com\/wp-content\/uploads\/2023\/03\/deniz-gokova-1.jpeg);\n}\n<\/style>\n  <\/div><!-- .banner -->\r\n\r\n\n\r\n  <div class=\"banner has-hover\" id=\"banner-791768357\">\r\n          <div class=\"banner-inner fill\">\r\n        <div class=\"banner-bg fill\" >\r\n            <div class=\"bg fill bg-fill \"><\/div>\r\n                                    \r\n                    <\/div><!-- bg-layers -->\r\n        <div class=\"banner-layers container\">\r\n            <div class=\"fill banner-link\"><\/div>            \n        <\/div><!-- .banner-layers -->\r\n      <\/div><!-- .banner-inner -->\r\n\r\n            \n<style scope=\"scope\">\n\n#banner-791768357 {\n  padding-top: 420px;\n}\n#banner-791768357 .bg.bg-loaded {\n  background-image: url(https:\/\/apart48.com\/wp-content\/uploads\/2023\/03\/deniz-gokova-2.jpeg);\n}\n<\/style>\n  <\/div><!-- .banner -->\r\n\r\n\n     <\/div>\r\n\r\n     <div class=\"loading-spin dark large centered\"><\/div>\r\n\r\n     <style scope=\"scope\">\r\n             <\/style>\r\n<\/div><!-- .ux-slider-wrapper -->\r\n\r\n\n<\/div><\/div>\n<\/div>\n<div class=\"row row-dashed\"  id=\"row-610254658\">\n<div class=\"col small-12 large-12\"  ><div class=\"col-inner\"  >\n<div class=\"container section-title-container\" ><h3 class=\"section-title section-title-bold\"><b><\/b><span class=\"section-title-main\" style=\"font-size:150%;\">DEN\u0130Z G\u00d6KOVA<\/span><b><\/b><\/h3><\/div><!-- .section-title -->\n<p>Akyaka da Apart 48, farkl\u0131 daireleri ile sizin i\u00e7in en uygun konaklamay\u0131 se\u00e7menizi istemektedir. Di\u011fer daire tiplerimize bakarak karar vermenizi isteriz.<\/p>\n<\/div><\/div>\n\n<style scope=\"scope\">\n\n<\/style>\n<\/div>\n\r\n  \r\n    <div class=\"row large-columns-3 medium-columns- small-columns-2\">\r\n          <div class=\"gallery-col col\" >\r\n          <div class=\"col-inner\">\r\n            <a class=\"image-lightbox lightbox-gallery\" href=\"https:\/\/apart48.com\/wp-content\/uploads\/2023\/03\/deniz-gokova-5.jpeg\" title=\"\">            <div class=\"box has-hover gallery-box box-overlay dark\">\r\n              <div class=\"box-image\" >\r\n                <img loading=\"lazy\" decoding=\"async\" width=\"533\" height=\"400\" src=\"https:\/\/apart48.com\/wp-content\/uploads\/2023\/03\/deniz-gokova-5-533x400.jpeg\" class=\"attachment-medium size-medium\" alt=\"\" ids=\"567,571,568,570,566,569,565,563,564\" columns=\"3\" srcset=\"https:\/\/apart48.com\/wp-content\/uploads\/2023\/03\/deniz-gokova-5-533x400.jpeg 533w, https:\/\/apart48.com\/wp-content\/uploads\/2023\/03\/deniz-gokova-5-768x576.jpeg 768w, https:\/\/apart48.com\/wp-content\/uploads\/2023\/03\/deniz-gokova-5.jpeg 1024w\" sizes=\"auto, (max-width: 533px) 100vw, 533px\" \/>                                  <div class=\"overlay fill\"\r\n                      style=\"background-color: rgba(0,0,0,.15)\">\r\n                  <\/div>\r\n                                                              <\/div><!-- .image -->\r\n              <div class=\"box-text text-left\">\r\n                 <p><\/p>\r\n              <\/div><!-- .text -->\r\n            <\/div><!-- .box -->\r\n            <\/a>          <\/div><!-- .col-inner -->\r\n         <\/div><!-- .col -->\r\n                 <div class=\"gallery-col col\" >\r\n          <div class=\"col-inner\">\r\n            <a class=\"image-lightbox lightbox-gallery\" href=\"https:\/\/apart48.com\/wp-content\/uploads\/2023\/03\/deniz-gokova-9.jpeg\" title=\"\">            <div class=\"box has-hover gallery-box box-overlay dark\">\r\n              <div class=\"box-image\" >\r\n                <img loading=\"lazy\" decoding=\"async\" width=\"533\" height=\"400\" src=\"https:\/\/apart48.com\/wp-content\/uploads\/2023\/03\/deniz-gokova-9-533x400.jpeg\" class=\"attachment-medium size-medium\" alt=\"\" ids=\"567,571,568,570,566,569,565,563,564\" columns=\"3\" srcset=\"https:\/\/apart48.com\/wp-content\/uploads\/2023\/03\/deniz-gokova-9-533x400.jpeg 533w, https:\/\/apart48.com\/wp-content\/uploads\/2023\/03\/deniz-gokova-9-768x576.jpeg 768w, https:\/\/apart48.com\/wp-content\/uploads\/2023\/03\/deniz-gokova-9.jpeg 1024w\" sizes=\"auto, (max-width: 533px) 100vw, 533px\" \/>                                  <div class=\"overlay fill\"\r\n                      style=\"background-color: rgba(0,0,0,.15)\">\r\n                  <\/div>\r\n                                                              <\/div><!-- .image -->\r\n              <div class=\"box-text text-left\">\r\n                 <p><\/p>\r\n              <\/div><!-- .text -->\r\n            <\/div><!-- .box -->\r\n            <\/a>          <\/div><!-- .col-inner -->\r\n         <\/div><!-- .col -->\r\n                 <div class=\"gallery-col col\" >\r\n          <div class=\"col-inner\">\r\n            <a class=\"image-lightbox lightbox-gallery\" href=\"https:\/\/apart48.com\/wp-content\/uploads\/2023\/03\/deniz-gokova-6.jpeg\" title=\"\">            <div class=\"box has-hover gallery-box box-overlay dark\">\r\n              <div class=\"box-image\" >\r\n                <img loading=\"lazy\" decoding=\"async\" width=\"533\" height=\"400\" src=\"https:\/\/apart48.com\/wp-content\/uploads\/2023\/03\/deniz-gokova-6-533x400.jpeg\" class=\"attachment-medium size-medium\" alt=\"\" ids=\"567,571,568,570,566,569,565,563,564\" columns=\"3\" srcset=\"https:\/\/apart48.com\/wp-content\/uploads\/2023\/03\/deniz-gokova-6-533x400.jpeg 533w, https:\/\/apart48.com\/wp-content\/uploads\/2023\/03\/deniz-gokova-6-768x576.jpeg 768w, https:\/\/apart48.com\/wp-content\/uploads\/2023\/03\/deniz-gokova-6.jpeg 1024w\" sizes=\"auto, (max-width: 533px) 100vw, 533px\" \/>                                  <div class=\"overlay fill\"\r\n                      style=\"background-color: rgba(0,0,0,.15)\">\r\n                  <\/div>\r\n                                                              <\/div><!-- .image -->\r\n              <div class=\"box-text text-left\">\r\n                 <p><\/p>\r\n              <\/div><!-- .text -->\r\n            <\/div><!-- .box -->\r\n            <\/a>          <\/div><!-- .col-inner -->\r\n         <\/div><!-- .col -->\r\n                 <div class=\"gallery-col col\" >\r\n          <div class=\"col-inner\">\r\n            <a class=\"image-lightbox lightbox-gallery\" href=\"https:\/\/apart48.com\/wp-content\/uploads\/2023\/03\/deniz-gokova-8.jpeg\" title=\"\">            <div class=\"box has-hover gallery-box box-overlay dark\">\r\n              <div class=\"box-image\" >\r\n                <img loading=\"lazy\" decoding=\"async\" width=\"533\" height=\"400\" src=\"https:\/\/apart48.com\/wp-content\/uploads\/2023\/03\/deniz-gokova-8-533x400.jpeg\" class=\"attachment-medium size-medium\" alt=\"\" ids=\"567,571,568,570,566,569,565,563,564\" columns=\"3\" srcset=\"https:\/\/apart48.com\/wp-content\/uploads\/2023\/03\/deniz-gokova-8-533x400.jpeg 533w, https:\/\/apart48.com\/wp-content\/uploads\/2023\/03\/deniz-gokova-8-768x576.jpeg 768w, https:\/\/apart48.com\/wp-content\/uploads\/2023\/03\/deniz-gokova-8.jpeg 1024w\" sizes=\"auto, (max-width: 533px) 100vw, 533px\" \/>                                  <div class=\"overlay fill\"\r\n                      style=\"background-color: rgba(0,0,0,.15)\">\r\n                  <\/div>\r\n                                                              <\/div><!-- .image -->\r\n              <div class=\"box-text text-left\">\r\n                 <p><\/p>\r\n              <\/div><!-- .text -->\r\n            <\/div><!-- .box -->\r\n            <\/a>          <\/div><!-- .col-inner -->\r\n         <\/div><!-- .col -->\r\n                 <div class=\"gallery-col col\" >\r\n          <div class=\"col-inner\">\r\n            <a class=\"image-lightbox lightbox-gallery\" href=\"https:\/\/apart48.com\/wp-content\/uploads\/2023\/03\/deniz-gokova-4.jpeg\" title=\"\">            <div class=\"box has-hover gallery-box box-overlay dark\">\r\n              <div class=\"box-image\" >\r\n                <img loading=\"lazy\" decoding=\"async\" width=\"533\" height=\"400\" src=\"https:\/\/apart48.com\/wp-content\/uploads\/2023\/03\/deniz-gokova-4-533x400.jpeg\" class=\"attachment-medium size-medium\" alt=\"\" ids=\"567,571,568,570,566,569,565,563,564\" columns=\"3\" srcset=\"https:\/\/apart48.com\/wp-content\/uploads\/2023\/03\/deniz-gokova-4-533x400.jpeg 533w, https:\/\/apart48.com\/wp-content\/uploads\/2023\/03\/deniz-gokova-4-768x576.jpeg 768w, https:\/\/apart48.com\/wp-content\/uploads\/2023\/03\/deniz-gokova-4.jpeg 1024w\" sizes=\"auto, (max-width: 533px) 100vw, 533px\" \/>                                  <div class=\"overlay fill\"\r\n                      style=\"background-color: rgba(0,0,0,.15)\">\r\n                  <\/div>\r\n                                                              <\/div><!-- .image -->\r\n              <div class=\"box-text text-left\">\r\n                 <p><\/p>\r\n              <\/div><!-- .text -->\r\n            <\/div><!-- .box -->\r\n            <\/a>          <\/div><!-- .col-inner -->\r\n         <\/div><!-- .col -->\r\n                 <div class=\"gallery-col col\" >\r\n          <div class=\"col-inner\">\r\n            <a class=\"image-lightbox lightbox-gallery\" href=\"https:\/\/apart48.com\/wp-content\/uploads\/2023\/03\/deniz-gokova-7.jpeg\" title=\"\">            <div class=\"box has-hover gallery-box box-overlay dark\">\r\n              <div class=\"box-image\" >\r\n                <img loading=\"lazy\" decoding=\"async\" width=\"533\" height=\"400\" src=\"https:\/\/apart48.com\/wp-content\/uploads\/2023\/03\/deniz-gokova-7-533x400.jpeg\" class=\"attachment-medium size-medium\" alt=\"\" ids=\"567,571,568,570,566,569,565,563,564\" columns=\"3\" srcset=\"https:\/\/apart48.com\/wp-content\/uploads\/2023\/03\/deniz-gokova-7-533x400.jpeg 533w, https:\/\/apart48.com\/wp-content\/uploads\/2023\/03\/deniz-gokova-7-768x576.jpeg 768w, https:\/\/apart48.com\/wp-content\/uploads\/2023\/03\/deniz-gokova-7.jpeg 1024w\" sizes=\"auto, (max-width: 533px) 100vw, 533px\" \/>                                  <div class=\"overlay fill\"\r\n                      style=\"background-color: rgba(0,0,0,.15)\">\r\n                  <\/div>\r\n                                                              <\/div><!-- .image -->\r\n              <div class=\"box-text text-left\">\r\n                 <p><\/p>\r\n              <\/div><!-- .text -->\r\n            <\/div><!-- .box -->\r\n            <\/a>          <\/div><!-- .col-inner -->\r\n         <\/div><!-- .col -->\r\n                 <div class=\"gallery-col col\" >\r\n          <div class=\"col-inner\">\r\n            <a class=\"image-lightbox lightbox-gallery\" href=\"https:\/\/apart48.com\/wp-content\/uploads\/2023\/03\/deniz-gokova-3.jpeg\" title=\"\">            <div class=\"box has-hover gallery-box box-overlay dark\">\r\n              <div class=\"box-image\" >\r\n                <img loading=\"lazy\" decoding=\"async\" width=\"515\" height=\"400\" src=\"https:\/\/apart48.com\/wp-content\/uploads\/2023\/03\/deniz-gokova-3-515x400.jpeg\" class=\"attachment-medium size-medium\" alt=\"\" ids=\"567,571,568,570,566,569,565,563,564\" columns=\"3\" srcset=\"https:\/\/apart48.com\/wp-content\/uploads\/2023\/03\/deniz-gokova-3-515x400.jpeg 515w, https:\/\/apart48.com\/wp-content\/uploads\/2023\/03\/deniz-gokova-3.jpeg 727w\" sizes=\"auto, (max-width: 515px) 100vw, 515px\" \/>                                  <div class=\"overlay fill\"\r\n                      style=\"background-color: rgba(0,0,0,.15)\">\r\n                  <\/div>\r\n                                                              <\/div><!-- .image -->\r\n              <div class=\"box-text text-left\">\r\n                 <p><\/p>\r\n              <\/div><!-- .text -->\r\n            <\/div><!-- .box -->\r\n            <\/a>          <\/div><!-- .col-inner -->\r\n         <\/div><!-- .col -->\r\n                 <div class=\"gallery-col col\" >\r\n          <div class=\"col-inner\">\r\n            <a class=\"image-lightbox lightbox-gallery\" href=\"https:\/\/apart48.com\/wp-content\/uploads\/2023\/03\/deniz-gokova-1.jpeg\" title=\"\">            <div class=\"box has-hover gallery-box box-overlay dark\">\r\n              <div class=\"box-image\" >\r\n                <img loading=\"lazy\" decoding=\"async\" width=\"533\" height=\"400\" src=\"https:\/\/apart48.com\/wp-content\/uploads\/2023\/03\/deniz-gokova-1-533x400.jpeg\" class=\"attachment-medium size-medium\" alt=\"\" ids=\"567,571,568,570,566,569,565,563,564\" columns=\"3\" srcset=\"https:\/\/apart48.com\/wp-content\/uploads\/2023\/03\/deniz-gokova-1-533x400.jpeg 533w, https:\/\/apart48.com\/wp-content\/uploads\/2023\/03\/deniz-gokova-1-768x576.jpeg 768w, https:\/\/apart48.com\/wp-content\/uploads\/2023\/03\/deniz-gokova-1.jpeg 1024w\" sizes=\"auto, (max-width: 533px) 100vw, 533px\" \/>                                  <div class=\"overlay fill\"\r\n                      style=\"background-color: rgba(0,0,0,.15)\">\r\n                  <\/div>\r\n                                                              <\/div><!-- .image -->\r\n              <div class=\"box-text text-left\">\r\n                 <p><\/p>\r\n              <\/div><!-- .text -->\r\n            <\/div><!-- .box -->\r\n            <\/a>          <\/div><!-- .col-inner -->\r\n         <\/div><!-- .col -->\r\n                 <div class=\"gallery-col col\" >\r\n          <div class=\"col-inner\">\r\n            <a class=\"image-lightbox lightbox-gallery\" href=\"https:\/\/apart48.com\/wp-content\/uploads\/2023\/03\/deniz-gokova-2.jpeg\" title=\"\">            <div class=\"box has-hover gallery-box box-overlay dark\">\r\n              <div class=\"box-image\" >\r\n                <img loading=\"lazy\" decoding=\"async\" width=\"533\" height=\"400\" src=\"https:\/\/apart48.com\/wp-content\/uploads\/2023\/03\/deniz-gokova-2-533x400.jpeg\" class=\"attachment-medium size-medium\" alt=\"\" ids=\"567,571,568,570,566,569,565,563,564\" columns=\"3\" srcset=\"https:\/\/apart48.com\/wp-content\/uploads\/2023\/03\/deniz-gokova-2-533x400.jpeg 533w, https:\/\/apart48.com\/wp-content\/uploads\/2023\/03\/deniz-gokova-2-768x576.jpeg 768w, https:\/\/apart48.com\/wp-content\/uploads\/2023\/03\/deniz-gokova-2.jpeg 1024w\" sizes=\"auto, (max-width: 533px) 100vw, 533px\" \/>                                  <div class=\"overlay fill\"\r\n                      style=\"background-color: rgba(0,0,0,.15)\">\r\n                  <\/div>\r\n                                                              <\/div><!-- .image -->\r\n              <div class=\"box-text text-left\">\r\n                 <p><\/p>\r\n              <\/div><!-- .text -->\r\n            <\/div><!-- .box -->\r\n            <\/a>          <\/div><!-- .col-inner -->\r\n         <\/div><!-- .col -->\r\n         <\/div>\n<div class=\"row row-collapse row-full-width align-center\"  id=\"row-2083893910\">\n<div class=\"col small-12 large-12\"  ><div class=\"col-inner\" style=\"background-color:rgb(0, 7, 29);\" >\n<div class=\"row row-collapse\"  id=\"row-244144480\">\n<div class=\"col medium-6 large-6\"  ><div class=\"col-inner\" style=\"padding:60px 0px 0px 0px;\" >\n<h3 style=\"text-align: center;\">\u0130leti\u015fim<\/h3>\n<div class=\"is-divider divider clearfix\" style=\"max-width:600px;height:1px;background-color:rgb(10, 28, 112);\"><\/div><!-- .divider -->\n<h4 style=\"text-align: left;\">0538 381 30 04<\/h4>\n<h4 style=\"text-align: left;\">0536 285 40 91<\/h4>\n<h4 style=\"text-align: left;\">Akyaka Mahallesi Karya Sokak No: 16<br \/>\nUla &#8211; Mu\u011fla<\/h4>\n<\/div><\/div>\n<div class=\"col medium-6 large-6\"  ><div class=\"col-inner\" style=\"padding:20px 0px 0px 0px;\" >\n<p><iframe src=\"https:\/\/www.google.com\/maps\/embed?pb=!1m14!1m8!1m3!1d12735.556630535355!2d28.3264841!3d37.0601245!3m2!1i1024!2i768!4f13.1!3m3!1m2!1s0x14bf9fdc59de8537%3A0x4b650da5ff3872fc!2sApart%2048!5e0!3m2!1str!2str!4v1677685570412!5m2!1str!2str\" width=\"600\" height=\"450\" style=\"border:0;\" allowfullscreen=\"\" loading=\"lazy\" referrerpolicy=\"no-referrer-when-downgrade\"><\/iframe><\/p>\n<\/div><\/div>\n\n<style scope=\"scope\">\n\n<\/style>\n<\/div>\n<\/div><\/div>\n\n<style scope=\"scope\">\n\n<\/style>\n<\/div>\n","protected":false},"excerpt":{"rendered":"","protected":false},"author":1,"featured_media":16,"parent":0,"menu_order":1,"comment_status":"closed","ping_status":"closed","template":"page-blank.php","meta":{"footnotes":""},"class_list":["post-554","page","type-page","status-publish","has-post-thumbnail","hentry"],"_links":{"self":[{"href":"https:\/\/apart48.com\/index.php?rest_route=\/wp\/v2\/pages\/554","targetHints":{"allow":["GET"]}}],"collection":[{"href":"https:\/\/apart48.com\/index.php?rest_route=\/wp\/v2\/pages"}],"about":[{"href":"https:\/\/apart48.com\/index.php?rest_route=\/wp\/v2\/types\/page"}],"author":[{"embeddable":true,"href":"https:\/\/apart48.com\/index.php?rest_route=\/wp\/v2\/users\/1"}],"replies":[{"embeddable":true,"href":"https:\/\/apart48.com\/index.php?rest_route=%2Fwp%2Fv2%2Fcomments&post=554"}],"version-history":[{"count":8,"href":"https:\/\/apart48.com\/index.php?rest_route=\/wp\/v2\/pages\/554\/revisions"}],"predecessor-version":[{"id":576,"href":"https:\/\/apart48.com\/index.php?rest_route=\/wp\/v2\/pages\/554\/revisions\/576"}],"wp:featuredmedia":[{"embeddable":true,"href":"https:\/\/apart48.com\/index.php?rest_route=\/wp\/v2\/media\/16"}],"wp:attachment":[{"href":"https:\/\/apart48.com\/index.php?rest_route=%2Fwp%2Fv2%2Fmedia&parent=554"}],"curies":[{"name":"wp","href":"https:\/\/api.w.org\/{rel}","templated":true}]}}